{"id":2,"date":"2023-05-13T12:31:27","date_gmt":"2023-05-13T15:31:27","guid":{"rendered":"http:\/\/focoemdrone.com.br\/?page_id=2"},"modified":"2023-05-13T20:18:22","modified_gmt":"2023-05-13T23:18:22","slug":"pagina-exemplo","status":"publish","type":"page","link":"https:\/\/focoemdrone.com.br\/index.php\/pagina-exemplo\/","title":{"rendered":"Quem somos"},"content":{"rendered":"\n<p><\/p>\n\n\n\n<p>Somos profissionais habilitados para operar drones de forma segura e legal. Trabalhamos com equipamentos modernos e de ponta, que garantem a qualidade e a confiabilidade dos servi\u00e7os prestados.<\/p>\n\n\n\n<p>Aqui voc\u00ea vai poder conhecer melhor o meu trabalho, ver alguns exemplos de projetos realizados e entrar em contato comigo para solicitar um or\u00e7amento. Estou \u00e0 disposi\u00e7\u00e3o para atender \u00e0s suas necessidades e expectativas, oferecendo solu\u00e7\u00f5es personalizadas e criativas.<\/p>\n\n\n\n<p>Espero que voc\u00ea goste do meu site e que ele seja \u00fatil para voc\u00ea. Fique \u00e0 vontade para navegar pelas p\u00e1ginas e conhecer mais sobre os servi\u00e7os com drone, fotografias e v\u00eddeos que eu ofere\u00e7o. Obrigado pela visita e at\u00e9 breve!<\/p>\n","protected":false},"excerpt":{"rendered":"<p>Somos profissionais habilitados para operar drones de forma segura e legal. Trabalhamos com equipamentos modernos e de ponta, que garantem a qualidade e a confiabilidade &hellip;<\/p>\n","protected":false},"author":1,"featured_media":0,"parent":0,"menu_order":0,"comment_status":"closed","ping_status":"open","template":"","meta":{"footnotes":""},"class_list":["post-2","page","type-page","status-publish","hentry"],"_links":{"self":[{"href":"https:\/\/focoemdrone.com.br\/index.php\/wp-json\/wp\/v2\/pages\/2","targetHints":{"allow":["GET"]}}],"collection":[{"href":"https:\/\/focoemdrone.com.br\/index.php\/wp-json\/wp\/v2\/pages"}],"about":[{"href":"https:\/\/focoemdrone.com.br\/index.php\/wp-json\/wp\/v2\/types\/page"}],"author":[{"embeddable":true,"href":"https:\/\/focoemdrone.com.br\/index.php\/wp-json\/wp\/v2\/users\/1"}],"replies":[{"embeddable":true,"href":"https:\/\/focoemdrone.com.br\/index.php\/wp-json\/wp\/v2\/comments?post=2"}],"version-history":[{"count":2,"href":"https:\/\/focoemdrone.com.br\/index.php\/wp-json\/wp\/v2\/pages\/2\/revisions"}],"predecessor-version":[{"id":14,"href":"https:\/\/focoemdrone.com.br\/index.php\/wp-json\/wp\/v2\/pages\/2\/revisions\/14"}],"wp:attachment":[{"href":"https:\/\/focoemdrone.com.br\/index.php\/wp-json\/wp\/v2\/media?parent=2"}],"curies":[{"name":"wp","href":"https:\/\/api.w.org\/{rel}","templated":true}]}}